{"id":248,"date":"2023-04-06T09:55:49","date_gmt":"2023-04-06T09:55:49","guid":{"rendered":"https:\/\/www.lewhite.ch\/sample-page\/"},"modified":"2023-09-19T08:11:34","modified_gmt":"2023-09-19T08:11:34","slug":"sample-page","status":"publish","type":"page","link":"https:\/\/www.lewhite.ch\/de\/","title":{"rendered":"Le White ****"},"content":{"rendered":"<p style=\"text-align: center;\"><span style=\"font-weight: 400;\">Das 4-Sterne-Hotel LE WHITE empf\u00e4ngt Sie im Herzen des malerischen Vall\u00e9e d&#8217;Illiez f\u00fcr einen inspirierenden Aufenthalt in der Region von Champ\u00e9ry.<\/span><br \/>\n<span style=\"font-weight: 400;\">Unser Hotel liegt ideal am Ortseingang, nur eine Gehminute vom Bahnhof \u201eChamp\u00e9ry Village\u201c entfernt. In der Saison verkehrt t\u00e4glich ein kostenloser Pendelbus (Haltestelle weniger als 1 Minute vom Hotel entfernt). Das Hotel steht Ihnen das ganze Jahr \u00fcber f\u00fcr Kurz- und Langzeitaufenthalte zur Verf\u00fcgung.<\/span><br \/>\n<span style=\"font-weight: 400;\">Das LE WHITE**** wurde vollst\u00e4ndig renoviert und strahlt alpinen Chic aus. Es verf\u00fcgt \u00fcber 23 Zimmer und 2 Suiten sowie einen Wellnessbereich mit Sauna und Erlebnisdusche. Geniessen Sie den atemberaubenden Panoramablick auf die Bergkette der Dents du Midi und lassen Sie sich im Restaurant Le 42 mit traditioneller, regionaler Bergk\u00fcche verw\u00f6hnen \u2013 so steht einem unvergesslichen Aufenthalt nichts mehr im Wege!<\/span><br \/>\n<span style=\"font-weight: 400;\">Sie sind eine oder mehrere Familien, eine Gruppe oder eine Firma, die einen Aufenthalt bei uns plant? Dann fragen Sie uns nach einem individuellen Angebot (ab 7 Zimmern oder 15 Personen) \u2013 unser Team ber\u00e4t Sie gerne.<\/span><\/p>\n","protected":false},"excerpt":{"rendered":"<p>Das 4-Sterne-Hotel LE WHITE empf\u00e4ngt Sie im Herzen des malerischen Vall\u00e9e d&#8217;Illiez f\u00fcr einen inspirierenden Aufenthalt in der Region von Champ\u00e9ry. Unser Hotel liegt ideal am Ortseingang, nur eine Gehminute vom Bahnhof \u201eChamp\u00e9ry Village\u201c entfernt. In der Saison verkehrt t\u00e4glich ein kostenloser Pendelbus (Haltestelle weniger als 1 Minute vom Hotel entfernt). Das Hotel steht Ihnen [&hellip;]<\/p>\n","protected":false},"author":16,"featured_media":0,"parent":0,"menu_order":10,"comment_status":"closed","ping_status":"closed","template":"","meta":{"footnotes":""},"class_list":["post-248","page","type-page","status-publish","hentry"],"yoast_head":"<!-- This site is optimized with the Yoast SEO plugin v27.3 - https:\/\/yoast.com\/product\/yoast-seo-wordpress\/ -->\n<title>Le White **** - Hotel White Champery<\/title>\n<meta name=\"description\" content=\"Das 4-Sterne-Hotel LE WHITE empf\u00e4ngt Sie im Herzen des malerischen Vall\u00e9e d&#039;Illiez f\u00fcr einen inspirierenden Aufenthalt in der Region von Champ\u00e9ry. Unser\" \/>\n<meta name=\"robots\" content=\"index, follow, max-snippet:-1, max-image-preview:large, max-video-preview:-1\" \/>\n<link rel=\"canonical\" href=\"https:\/\/www.lewhite.ch\/de\/\" \/>\n<meta property=\"og:locale\" content=\"de_DE\" \/>\n<meta property=\"og:type\" content=\"article\" \/>\n<meta property=\"og:title\" content=\"Le White **** - Hotel White Champery\" \/>\n<meta property=\"og:description\" content=\"Das 4-Sterne-Hotel LE WHITE empf\u00e4ngt Sie im Herzen des malerischen Vall\u00e9e d&#039;Illiez f\u00fcr einen inspirierenden Aufenthalt in der Region von Champ\u00e9ry. Unser\" \/>\n<meta property=\"og:url\" content=\"https:\/\/www.lewhite.ch\/de\/\" \/>\n<meta property=\"og:site_name\" content=\"Hotel White Champery\" \/>\n<meta property=\"article:modified_time\" content=\"2023-09-19T08:11:34+00:00\" \/>\n<meta name=\"twitter:card\" content=\"summary_large_image\" \/>\n<meta name=\"twitter:label1\" content=\"Gesch\u00e4tzte Lesezeit\" \/>\n\t<meta name=\"twitter:data1\" content=\"2 Minuten\" \/>\n<script type=\"application\/ld+json\" class=\"yoast-schema-graph\">{\"@context\":\"https:\\\/\\\/schema.org\",\"@graph\":[{\"@type\":\"WebPage\",\"@id\":\"https:\\\/\\\/www.lewhite.ch\\\/de\\\/\",\"url\":\"https:\\\/\\\/www.lewhite.ch\\\/de\\\/\",\"name\":\"Le White **** - Hotel White Champery\",\"isPartOf\":{\"@id\":\"https:\\\/\\\/www.lewhite.ch\\\/de\\\/#website\"},\"datePublished\":\"2023-04-06T09:55:49+00:00\",\"dateModified\":\"2023-09-19T08:11:34+00:00\",\"description\":\"Das 4-Sterne-Hotel LE WHITE empf\u00e4ngt Sie im Herzen des malerischen Vall\u00e9e d'Illiez f\u00fcr einen inspirierenden Aufenthalt in der Region von Champ\u00e9ry. Unser\",\"breadcrumb\":{\"@id\":\"https:\\\/\\\/www.lewhite.ch\\\/de\\\/#breadcrumb\"},\"inLanguage\":\"de-DE\",\"potentialAction\":[{\"@type\":\"ReadAction\",\"target\":[\"https:\\\/\\\/www.lewhite.ch\\\/de\\\/\"]}]},{\"@type\":\"BreadcrumbList\",\"@id\":\"https:\\\/\\\/www.lewhite.ch\\\/de\\\/#breadcrumb\",\"itemListElement\":[{\"@type\":\"ListItem\",\"position\":1,\"name\":\"Home\",\"item\":\"https:\\\/\\\/www.lewhite.ch\\\/de\\\/\"},{\"@type\":\"ListItem\",\"position\":2,\"name\":\"Le White ****\"}]},{\"@type\":\"WebSite\",\"@id\":\"https:\\\/\\\/www.lewhite.ch\\\/de\\\/#website\",\"url\":\"https:\\\/\\\/www.lewhite.ch\\\/de\\\/\",\"name\":\"Hotel White Champery\",\"description\":\"\",\"potentialAction\":[{\"@type\":\"SearchAction\",\"target\":{\"@type\":\"EntryPoint\",\"urlTemplate\":\"https:\\\/\\\/www.lewhite.ch\\\/de\\\/?s={search_term_string}\"},\"query-input\":{\"@type\":\"PropertyValueSpecification\",\"valueRequired\":true,\"valueName\":\"search_term_string\"}}],\"inLanguage\":\"de-DE\"}]}<\/script>\n<!-- \/ Yoast SEO plugin. -->","yoast_head_json":{"title":"Le White **** - Hotel White Champery","description":"Das 4-Sterne-Hotel LE WHITE empf\u00e4ngt Sie im Herzen des malerischen Vall\u00e9e d'Illiez f\u00fcr einen inspirierenden Aufenthalt in der Region von Champ\u00e9ry. Unser","robots":{"index":"index","follow":"follow","max-snippet":"max-snippet:-1","max-image-preview":"max-image-preview:large","max-video-preview":"max-video-preview:-1"},"canonical":"https:\/\/www.lewhite.ch\/de\/","og_locale":"de_DE","og_type":"article","og_title":"Le White **** - Hotel White Champery","og_description":"Das 4-Sterne-Hotel LE WHITE empf\u00e4ngt Sie im Herzen des malerischen Vall\u00e9e d'Illiez f\u00fcr einen inspirierenden Aufenthalt in der Region von Champ\u00e9ry. Unser","og_url":"https:\/\/www.lewhite.ch\/de\/","og_site_name":"Hotel White Champery","article_modified_time":"2023-09-19T08:11:34+00:00","twitter_card":"summary_large_image","twitter_misc":{"Gesch\u00e4tzte Lesezeit":"2 Minuten"},"schema":{"@context":"https:\/\/schema.org","@graph":[{"@type":"WebPage","@id":"https:\/\/www.lewhite.ch\/de\/","url":"https:\/\/www.lewhite.ch\/de\/","name":"Le White **** - Hotel White Champery","isPartOf":{"@id":"https:\/\/www.lewhite.ch\/de\/#website"},"datePublished":"2023-04-06T09:55:49+00:00","dateModified":"2023-09-19T08:11:34+00:00","description":"Das 4-Sterne-Hotel LE WHITE empf\u00e4ngt Sie im Herzen des malerischen Vall\u00e9e d'Illiez f\u00fcr einen inspirierenden Aufenthalt in der Region von Champ\u00e9ry. Unser","breadcrumb":{"@id":"https:\/\/www.lewhite.ch\/de\/#breadcrumb"},"inLanguage":"de-DE","potentialAction":[{"@type":"ReadAction","target":["https:\/\/www.lewhite.ch\/de\/"]}]},{"@type":"BreadcrumbList","@id":"https:\/\/www.lewhite.ch\/de\/#breadcrumb","itemListElement":[{"@type":"ListItem","position":1,"name":"Home","item":"https:\/\/www.lewhite.ch\/de\/"},{"@type":"ListItem","position":2,"name":"Le White ****"}]},{"@type":"WebSite","@id":"https:\/\/www.lewhite.ch\/de\/#website","url":"https:\/\/www.lewhite.ch\/de\/","name":"Hotel White Champery","description":"","potentialAction":[{"@type":"SearchAction","target":{"@type":"EntryPoint","urlTemplate":"https:\/\/www.lewhite.ch\/de\/?s={search_term_string}"},"query-input":{"@type":"PropertyValueSpecification","valueRequired":true,"valueName":"search_term_string"}}],"inLanguage":"de-DE"}]}},"acf":[],"_links":{"self":[{"href":"https:\/\/www.lewhite.ch\/de\/wp-json\/wp\/v2\/pages\/248","targetHints":{"allow":["GET"]}}],"collection":[{"href":"https:\/\/www.lewhite.ch\/de\/wp-json\/wp\/v2\/pages"}],"about":[{"href":"https:\/\/www.lewhite.ch\/de\/wp-json\/wp\/v2\/types\/page"}],"author":[{"embeddable":true,"href":"https:\/\/www.lewhite.ch\/de\/wp-json\/wp\/v2\/users\/16"}],"replies":[{"embeddable":true,"href":"https:\/\/www.lewhite.ch\/de\/wp-json\/wp\/v2\/comments?post=248"}],"version-history":[{"count":0,"href":"https:\/\/www.lewhite.ch\/de\/wp-json\/wp\/v2\/pages\/248\/revisions"}],"wp:attachment":[{"href":"https:\/\/www.lewhite.ch\/de\/wp-json\/wp\/v2\/media?parent=248"}],"curies":[{"name":"wp","href":"https:\/\/api.w.org\/{rel}","templated":true}]}}