{"id":256,"date":"2023-05-10T08:36:12","date_gmt":"2023-05-10T08:36:12","guid":{"rendered":"https:\/\/www.lewhite.ch\/lhotel\/le-rooftop\/"},"modified":"2023-09-19T11:46:30","modified_gmt":"2023-09-19T11:46:30","slug":"das-rooftop","status":"publish","type":"page","link":"https:\/\/www.lewhite.ch\/de\/das-hotel\/das-rooftop\/","title":{"rendered":"Das Rooftop"},"content":{"rendered":"<p><span style=\"font-weight: 400;\">Ein einmaliger Ort in Champ\u00e9ry!<\/span><\/p>\n<p><span style=\"font-weight: 400;\">Geniessen Sie den atemberaubenden Blick auf die Dents du Midi und lassen sich von dem spektakul\u00e4ren Panorama verzaubern! Nutzen Sie diesen einzigartigen Ort, um sich an sch\u00f6nen Tagen von der Sonne verw\u00f6hnen zu lassen.<\/span><\/p>\n<p><span style=\"font-weight: 400;\">Dieser Bereich steht unseren G\u00e4sten und Besuchern zur Verf\u00fcgung. Er kann exklusiv f\u00fcr Familien- oder Firmenanl\u00e4sse gemietet werden und wird regelm\u00e4ssig f\u00fcr Themenabende ge\u00f6ffnet.<\/span><\/p>\n","protected":false},"excerpt":{"rendered":"<p>Ein einmaliger Ort in Champ\u00e9ry! Geniessen Sie den atemberaubenden Blick auf die Dents du Midi und lassen sich von dem spektakul\u00e4ren Panorama verzaubern! Nutzen Sie diesen einzigartigen Ort, um sich an sch\u00f6nen Tagen von der Sonne verw\u00f6hnen zu lassen. Dieser Bereich steht unseren G\u00e4sten und Besuchern zur Verf\u00fcgung. Er kann exklusiv f\u00fcr Familien- oder Firmenanl\u00e4sse [&hellip;]<\/p>\n","protected":false},"author":16,"featured_media":0,"parent":250,"menu_order":230,"comment_status":"closed","ping_status":"closed","template":"template-default-2.php","meta":{"footnotes":""},"yoast_head":"<!-- This site is optimized with the Yoast SEO plugin v22.3 - https:\/\/yoast.com\/wordpress\/plugins\/seo\/ -->\n<title>Das Rooftop - Hotel White Champery<\/title>\n<meta name=\"description\" content=\"Ein einmaliger Ort in Champ\u00e9ry! Geniessen Sie den atemberaubenden Blick auf die Dents du Midi und lassen sich von dem spektakul\u00e4ren Panorama verzaubern!\" \/>\n<meta name=\"robots\" content=\"index, follow, max-snippet:-1, max-image-preview:large, max-video-preview:-1\" \/>\n<link rel=\"canonical\" href=\"https:\/\/www.lewhite.ch\/de\/das-hotel\/das-rooftop\/\" \/>\n<meta property=\"og:locale\" content=\"de_DE\" \/>\n<meta property=\"og:type\" content=\"article\" \/>\n<meta property=\"og:title\" content=\"Das Rooftop - Hotel White Champery\" \/>\n<meta property=\"og:description\" content=\"Ein einmaliger Ort in Champ\u00e9ry! Geniessen Sie den atemberaubenden Blick auf die Dents du Midi und lassen sich von dem spektakul\u00e4ren Panorama verzaubern!\" \/>\n<meta property=\"og:url\" content=\"https:\/\/www.lewhite.ch\/de\/das-hotel\/das-rooftop\/\" \/>\n<meta property=\"og:site_name\" content=\"Hotel White Champery\" \/>\n<meta property=\"article:modified_time\" content=\"2023-09-19T11:46:30+00:00\" \/>\n<meta name=\"twitter:card\" content=\"summary_large_image\" \/>\n<meta name=\"twitter:label1\" content=\"Gesch\u00e4tzte Lesezeit\" \/>\n\t<meta name=\"twitter:data1\" content=\"1 Minute\" \/>\n<script type=\"application\/ld+json\" class=\"yoast-schema-graph\">{\"@context\":\"https:\/\/schema.org\",\"@graph\":[{\"@type\":\"WebPage\",\"@id\":\"https:\/\/www.lewhite.ch\/de\/das-hotel\/das-rooftop\/\",\"url\":\"https:\/\/www.lewhite.ch\/de\/das-hotel\/das-rooftop\/\",\"name\":\"Das Rooftop - Hotel White Champery\",\"isPartOf\":{\"@id\":\"https:\/\/www.lewhite.ch\/de\/#website\"},\"datePublished\":\"2023-05-10T08:36:12+00:00\",\"dateModified\":\"2023-09-19T11:46:30+00:00\",\"description\":\"Ein einmaliger Ort in Champ\u00e9ry! Geniessen Sie den atemberaubenden Blick auf die Dents du Midi und lassen sich von dem spektakul\u00e4ren Panorama verzaubern!\",\"breadcrumb\":{\"@id\":\"https:\/\/www.lewhite.ch\/de\/das-hotel\/das-rooftop\/#breadcrumb\"},\"inLanguage\":\"de-DE\",\"potentialAction\":[{\"@type\":\"ReadAction\",\"target\":[\"https:\/\/www.lewhite.ch\/de\/das-hotel\/das-rooftop\/\"]}]},{\"@type\":\"BreadcrumbList\",\"@id\":\"https:\/\/www.lewhite.ch\/de\/das-hotel\/das-rooftop\/#breadcrumb\",\"itemListElement\":[{\"@type\":\"ListItem\",\"position\":1,\"name\":\"Home\",\"item\":\"https:\/\/www.lewhite.ch\/de\/\"},{\"@type\":\"ListItem\",\"position\":2,\"name\":\"Das Hotel\",\"item\":\"https:\/\/www.lewhite.ch\/de\/das-hotel\/\"},{\"@type\":\"ListItem\",\"position\":3,\"name\":\"Das Rooftop\"}]},{\"@type\":\"WebSite\",\"@id\":\"https:\/\/www.lewhite.ch\/de\/#website\",\"url\":\"https:\/\/www.lewhite.ch\/de\/\",\"name\":\"Hotel White Champery\",\"description\":\"\",\"potentialAction\":[{\"@type\":\"SearchAction\",\"target\":{\"@type\":\"EntryPoint\",\"urlTemplate\":\"https:\/\/www.lewhite.ch\/de\/?s={search_term_string}\"},\"query-input\":\"required name=search_term_string\"}],\"inLanguage\":\"de-DE\"}]}<\/script>\n<!-- \/ Yoast SEO plugin. -->","yoast_head_json":{"title":"Das Rooftop - Hotel White Champery","description":"Ein einmaliger Ort in Champ\u00e9ry! Geniessen Sie den atemberaubenden Blick auf die Dents du Midi und lassen sich von dem spektakul\u00e4ren Panorama verzaubern!","robots":{"index":"index","follow":"follow","max-snippet":"max-snippet:-1","max-image-preview":"max-image-preview:large","max-video-preview":"max-video-preview:-1"},"canonical":"https:\/\/www.lewhite.ch\/de\/das-hotel\/das-rooftop\/","og_locale":"de_DE","og_type":"article","og_title":"Das Rooftop - Hotel White Champery","og_description":"Ein einmaliger Ort in Champ\u00e9ry! Geniessen Sie den atemberaubenden Blick auf die Dents du Midi und lassen sich von dem spektakul\u00e4ren Panorama verzaubern!","og_url":"https:\/\/www.lewhite.ch\/de\/das-hotel\/das-rooftop\/","og_site_name":"Hotel White Champery","article_modified_time":"2023-09-19T11:46:30+00:00","twitter_card":"summary_large_image","twitter_misc":{"Gesch\u00e4tzte Lesezeit":"1 Minute"},"schema":{"@context":"https:\/\/schema.org","@graph":[{"@type":"WebPage","@id":"https:\/\/www.lewhite.ch\/de\/das-hotel\/das-rooftop\/","url":"https:\/\/www.lewhite.ch\/de\/das-hotel\/das-rooftop\/","name":"Das Rooftop - Hotel White Champery","isPartOf":{"@id":"https:\/\/www.lewhite.ch\/de\/#website"},"datePublished":"2023-05-10T08:36:12+00:00","dateModified":"2023-09-19T11:46:30+00:00","description":"Ein einmaliger Ort in Champ\u00e9ry! Geniessen Sie den atemberaubenden Blick auf die Dents du Midi und lassen sich von dem spektakul\u00e4ren Panorama verzaubern!","breadcrumb":{"@id":"https:\/\/www.lewhite.ch\/de\/das-hotel\/das-rooftop\/#breadcrumb"},"inLanguage":"de-DE","potentialAction":[{"@type":"ReadAction","target":["https:\/\/www.lewhite.ch\/de\/das-hotel\/das-rooftop\/"]}]},{"@type":"BreadcrumbList","@id":"https:\/\/www.lewhite.ch\/de\/das-hotel\/das-rooftop\/#breadcrumb","itemListElement":[{"@type":"ListItem","position":1,"name":"Home","item":"https:\/\/www.lewhite.ch\/de\/"},{"@type":"ListItem","position":2,"name":"Das Hotel","item":"https:\/\/www.lewhite.ch\/de\/das-hotel\/"},{"@type":"ListItem","position":3,"name":"Das Rooftop"}]},{"@type":"WebSite","@id":"https:\/\/www.lewhite.ch\/de\/#website","url":"https:\/\/www.lewhite.ch\/de\/","name":"Hotel White Champery","description":"","potentialAction":[{"@type":"SearchAction","target":{"@type":"EntryPoint","urlTemplate":"https:\/\/www.lewhite.ch\/de\/?s={search_term_string}"},"query-input":"required name=search_term_string"}],"inLanguage":"de-DE"}]}},"acf":[],"_links":{"self":[{"href":"https:\/\/www.lewhite.ch\/de\/wp-json\/wp\/v2\/pages\/256"}],"collection":[{"href":"https:\/\/www.lewhite.ch\/de\/wp-json\/wp\/v2\/pages"}],"about":[{"href":"https:\/\/www.lewhite.ch\/de\/wp-json\/wp\/v2\/types\/page"}],"author":[{"embeddable":true,"href":"https:\/\/www.lewhite.ch\/de\/wp-json\/wp\/v2\/users\/16"}],"replies":[{"embeddable":true,"href":"https:\/\/www.lewhite.ch\/de\/wp-json\/wp\/v2\/comments?post=256"}],"version-history":[{"count":0,"href":"https:\/\/www.lewhite.ch\/de\/wp-json\/wp\/v2\/pages\/256\/revisions"}],"up":[{"embeddable":true,"href":"https:\/\/www.lewhite.ch\/de\/wp-json\/wp\/v2\/pages\/250"}],"wp:attachment":[{"href":"https:\/\/www.lewhite.ch\/de\/wp-json\/wp\/v2\/media?parent=256"}],"curies":[{"name":"wp","href":"https:\/\/api.w.org\/{rel}","templated":true}]}}