{"id":274,"date":"2023-05-10T10:02:23","date_gmt":"2023-05-10T10:02:23","guid":{"rendered":"https:\/\/www.lewhite.ch\/lespace-bien-etre\/"},"modified":"2026-02-03T17:03:28","modified_gmt":"2026-02-03T17:03:28","slug":"der-wellnessbereich","status":"publish","type":"page","link":"https:\/\/www.lewhite.ch\/de\/der-wellnessbereich\/","title":{"rendered":"Der Wellnessbereich"},"content":{"rendered":"<p style=\"text-align: center\"><span style=\"font-weight: 400\">Der Wellnessbereich steht unseren \u00dcbernachtungsg\u00e4sten nach Voranmeldung kostenfrei zur Verf\u00fcgung. Er besteht aus einer finnischen Sauna, einer Erlebnisdusche und einer Entspannungslounge. Um Ihnen den gr\u00f6sstm\u00f6glichen Komfort zu bieten, wird er pro Zimmer f\u00fcr 2 bis 4 Personen in Zeitfenstern von 25 Minuten oder l\u00e4nger reserviert (je nach Verf\u00fcgbarkeit).<\/span><\/p>\n","protected":false},"excerpt":{"rendered":"<p>Der Wellnessbereich steht unseren \u00dcbernachtungsg\u00e4sten nach Voranmeldung kostenfrei zur Verf\u00fcgung. Er besteht aus einer finnischen Sauna, einer Erlebnisdusche und einer Entspannungslounge. Um Ihnen den gr\u00f6sstm\u00f6glichen Komfort zu bieten, wird er pro Zimmer f\u00fcr 2 bis 4 Personen in Zeitfenstern von 25 Minuten oder l\u00e4nger reserviert (je nach Verf\u00fcgbarkeit).<\/p>\n","protected":false},"author":16,"featured_media":0,"parent":0,"menu_order":40,"comment_status":"closed","ping_status":"closed","template":"template-spa.php","meta":{"footnotes":""},"yoast_head":"<!-- This site is optimized with the Yoast SEO plugin v22.3 - https:\/\/yoast.com\/wordpress\/plugins\/seo\/ -->\n<title>Der Wellnessbereich - Hotel White Champery<\/title>\n<meta name=\"description\" content=\"Der Wellnessbereich steht unseren \u00dcbernachtungsg\u00e4sten nach Voranmeldung kostenfrei zur Verf\u00fcgung. Er besteht aus einer finnischen Sauna, einer\" \/>\n<meta name=\"robots\" content=\"index, follow, max-snippet:-1, max-image-preview:large, max-video-preview:-1\" \/>\n<link rel=\"canonical\" href=\"https:\/\/www.lewhite.ch\/de\/der-wellnessbereich\/\" \/>\n<meta property=\"og:locale\" content=\"de_DE\" \/>\n<meta property=\"og:type\" content=\"article\" \/>\n<meta property=\"og:title\" content=\"Der Wellnessbereich - Hotel White Champery\" \/>\n<meta property=\"og:description\" content=\"Der Wellnessbereich steht unseren \u00dcbernachtungsg\u00e4sten nach Voranmeldung kostenfrei zur Verf\u00fcgung. Er besteht aus einer finnischen Sauna, einer\" \/>\n<meta property=\"og:url\" content=\"https:\/\/www.lewhite.ch\/de\/der-wellnessbereich\/\" \/>\n<meta property=\"og:site_name\" content=\"Hotel White Champery\" \/>\n<meta property=\"article:modified_time\" content=\"2026-02-03T17:03:28+00:00\" \/>\n<meta name=\"twitter:card\" content=\"summary_large_image\" \/>\n<meta name=\"twitter:label1\" content=\"Gesch\u00e4tzte Lesezeit\" \/>\n\t<meta name=\"twitter:data1\" content=\"1 Minute\" \/>\n<script type=\"application\/ld+json\" class=\"yoast-schema-graph\">{\"@context\":\"https:\/\/schema.org\",\"@graph\":[{\"@type\":\"WebPage\",\"@id\":\"https:\/\/www.lewhite.ch\/de\/der-wellnessbereich\/\",\"url\":\"https:\/\/www.lewhite.ch\/de\/der-wellnessbereich\/\",\"name\":\"Der Wellnessbereich - Hotel White Champery\",\"isPartOf\":{\"@id\":\"https:\/\/www.lewhite.ch\/de\/#website\"},\"datePublished\":\"2023-05-10T10:02:23+00:00\",\"dateModified\":\"2026-02-03T17:03:28+00:00\",\"description\":\"Der Wellnessbereich steht unseren \u00dcbernachtungsg\u00e4sten nach Voranmeldung kostenfrei zur Verf\u00fcgung. Er besteht aus einer finnischen Sauna, einer\",\"breadcrumb\":{\"@id\":\"https:\/\/www.lewhite.ch\/de\/der-wellnessbereich\/#breadcrumb\"},\"inLanguage\":\"de-DE\",\"potentialAction\":[{\"@type\":\"ReadAction\",\"target\":[\"https:\/\/www.lewhite.ch\/de\/der-wellnessbereich\/\"]}]},{\"@type\":\"BreadcrumbList\",\"@id\":\"https:\/\/www.lewhite.ch\/de\/der-wellnessbereich\/#breadcrumb\",\"itemListElement\":[{\"@type\":\"ListItem\",\"position\":1,\"name\":\"Home\",\"item\":\"https:\/\/www.lewhite.ch\/de\/\"},{\"@type\":\"ListItem\",\"position\":2,\"name\":\"Der Wellnessbereich\"}]},{\"@type\":\"WebSite\",\"@id\":\"https:\/\/www.lewhite.ch\/de\/#website\",\"url\":\"https:\/\/www.lewhite.ch\/de\/\",\"name\":\"Hotel White Champery\",\"description\":\"\",\"potentialAction\":[{\"@type\":\"SearchAction\",\"target\":{\"@type\":\"EntryPoint\",\"urlTemplate\":\"https:\/\/www.lewhite.ch\/de\/?s={search_term_string}\"},\"query-input\":\"required name=search_term_string\"}],\"inLanguage\":\"de-DE\"}]}<\/script>\n<!-- \/ Yoast SEO plugin. -->","yoast_head_json":{"title":"Der Wellnessbereich - Hotel White Champery","description":"Der Wellnessbereich steht unseren \u00dcbernachtungsg\u00e4sten nach Voranmeldung kostenfrei zur Verf\u00fcgung. Er besteht aus einer finnischen Sauna, einer","robots":{"index":"index","follow":"follow","max-snippet":"max-snippet:-1","max-image-preview":"max-image-preview:large","max-video-preview":"max-video-preview:-1"},"canonical":"https:\/\/www.lewhite.ch\/de\/der-wellnessbereich\/","og_locale":"de_DE","og_type":"article","og_title":"Der Wellnessbereich - Hotel White Champery","og_description":"Der Wellnessbereich steht unseren \u00dcbernachtungsg\u00e4sten nach Voranmeldung kostenfrei zur Verf\u00fcgung. Er besteht aus einer finnischen Sauna, einer","og_url":"https:\/\/www.lewhite.ch\/de\/der-wellnessbereich\/","og_site_name":"Hotel White Champery","article_modified_time":"2026-02-03T17:03:28+00:00","twitter_card":"summary_large_image","twitter_misc":{"Gesch\u00e4tzte Lesezeit":"1 Minute"},"schema":{"@context":"https:\/\/schema.org","@graph":[{"@type":"WebPage","@id":"https:\/\/www.lewhite.ch\/de\/der-wellnessbereich\/","url":"https:\/\/www.lewhite.ch\/de\/der-wellnessbereich\/","name":"Der Wellnessbereich - Hotel White Champery","isPartOf":{"@id":"https:\/\/www.lewhite.ch\/de\/#website"},"datePublished":"2023-05-10T10:02:23+00:00","dateModified":"2026-02-03T17:03:28+00:00","description":"Der Wellnessbereich steht unseren \u00dcbernachtungsg\u00e4sten nach Voranmeldung kostenfrei zur Verf\u00fcgung. Er besteht aus einer finnischen Sauna, einer","breadcrumb":{"@id":"https:\/\/www.lewhite.ch\/de\/der-wellnessbereich\/#breadcrumb"},"inLanguage":"de-DE","potentialAction":[{"@type":"ReadAction","target":["https:\/\/www.lewhite.ch\/de\/der-wellnessbereich\/"]}]},{"@type":"BreadcrumbList","@id":"https:\/\/www.lewhite.ch\/de\/der-wellnessbereich\/#breadcrumb","itemListElement":[{"@type":"ListItem","position":1,"name":"Home","item":"https:\/\/www.lewhite.ch\/de\/"},{"@type":"ListItem","position":2,"name":"Der Wellnessbereich"}]},{"@type":"WebSite","@id":"https:\/\/www.lewhite.ch\/de\/#website","url":"https:\/\/www.lewhite.ch\/de\/","name":"Hotel White Champery","description":"","potentialAction":[{"@type":"SearchAction","target":{"@type":"EntryPoint","urlTemplate":"https:\/\/www.lewhite.ch\/de\/?s={search_term_string}"},"query-input":"required name=search_term_string"}],"inLanguage":"de-DE"}]}},"acf":[],"_links":{"self":[{"href":"https:\/\/www.lewhite.ch\/de\/wp-json\/wp\/v2\/pages\/274"}],"collection":[{"href":"https:\/\/www.lewhite.ch\/de\/wp-json\/wp\/v2\/pages"}],"about":[{"href":"https:\/\/www.lewhite.ch\/de\/wp-json\/wp\/v2\/types\/page"}],"author":[{"embeddable":true,"href":"https:\/\/www.lewhite.ch\/de\/wp-json\/wp\/v2\/users\/16"}],"replies":[{"embeddable":true,"href":"https:\/\/www.lewhite.ch\/de\/wp-json\/wp\/v2\/comments?post=274"}],"version-history":[{"count":0,"href":"https:\/\/www.lewhite.ch\/de\/wp-json\/wp\/v2\/pages\/274\/revisions"}],"wp:attachment":[{"href":"https:\/\/www.lewhite.ch\/de\/wp-json\/wp\/v2\/media?parent=274"}],"curies":[{"name":"wp","href":"https:\/\/api.w.org\/{rel}","templated":true}]}}