{"id":278,"date":"2023-05-10T15:07:50","date_gmt":"2023-05-10T15:07:50","guid":{"rendered":"https:\/\/www.lewhite.ch\/decouvrez-champery-et-les-portes-du-soleil\/"},"modified":"2023-09-19T11:52:42","modified_gmt":"2023-09-19T11:52:42","slug":"champery-und-die-portes-du-soleil-entdecken","status":"publish","type":"page","link":"https:\/\/www.lewhite.ch\/de\/champery-und-die-portes-du-soleil-entdecken\/","title":{"rendered":"Champ\u00e9ry und die Portes du Soleil entdecken"},"content":{"rendered":"<p style=\"text-align: center;\"><span style=\"font-weight: 400;\">Ganz gleich, ob Sie im Sommer oder im Winter im Le White**** zu Gast sind \u2013 das Dorf Champ\u00e9ry und die Ferienregion Portes du Soleil begeistern zu jeder Jahreszeit mit einer Vielzahl an abwechslungsreichen Aktivit\u00e4ten f\u00fcr Gross und Klein. \u00dcberlegen Sie sich im Voraus, welche Urlaubs-Highlights Sie in Erinnerung behalten m\u00f6chten: Sind Sie eher der Schneeschuh-Wanderer zwischen verschneiten Tannen oder der begeisterte Mountainbiker inmitten sonniger Almwiesen? Die Wahl liegt ganz bei Ihnen! Unsere Mitarbeiterinnen und Mitarbeiter stehen Ihnen mit Rat und Tat zur Seite und informieren Sie \u00fcber die Aktivit\u00e4ten vor Ort, damit Sie Ihren Urlaub in den Bergen in vollen Z\u00fcgen geniessen k\u00f6nnen.<\/span><br \/>\n<span style=\"font-weight: 400;\">F\u00fcr Wintersportfans gibt es eine Seilbahn, die Sie in wenigen Minuten auf 2000 m H\u00f6he bringt, mitten das gr\u00f6sste grenz\u00fcberschreitende Skigebiets Europas, Les Portes du Soleil: 600 Pistenkilometer zwischen der Schweiz und Frankreich f\u00fcr Ihr gr\u00f6sstes Skivergn\u00fcgen!<\/span><br \/>\n<span style=\"font-weight: 400;\">Im Sommer k\u00f6nnen Bergliebhaber auf zahlreichen Wanderwegen die grossz\u00fcgige und spektakul\u00e4re Natur erkunden, w\u00e4hrend Sportbegeisterte im gr\u00f6ssten Bikepark Europas auf ihre Kosten kommen.<\/span><\/p>\n","protected":false},"excerpt":{"rendered":"<p>Ganz gleich, ob Sie im Sommer oder im Winter im Le White**** zu Gast sind \u2013 das Dorf Champ\u00e9ry und die Ferienregion Portes du Soleil begeistern zu jeder Jahreszeit mit einer Vielzahl an abwechslungsreichen Aktivit\u00e4ten f\u00fcr Gross und Klein. \u00dcberlegen Sie sich im Voraus, welche Urlaubs-Highlights Sie in Erinnerung behalten m\u00f6chten: Sind Sie eher der [&hellip;]<\/p>\n","protected":false},"author":16,"featured_media":0,"parent":0,"menu_order":60,"comment_status":"closed","ping_status":"closed","template":"","meta":{"footnotes":""},"class_list":["post-278","page","type-page","status-publish","hentry"],"yoast_head":"<!-- This site is optimized with the Yoast SEO plugin v27.3 - https:\/\/yoast.com\/product\/yoast-seo-wordpress\/ -->\n<title>Champ\u00e9ry und die Portes du Soleil entdecken - Hotel White Champery<\/title>\n<meta name=\"description\" content=\"Ganz gleich, ob Sie im Sommer oder im Winter im Le White**** zu Gast sind \u2013 das Dorf Champ\u00e9ry und die Ferienregion Portes du Soleil begeistern zu jeder\" \/>\n<meta name=\"robots\" content=\"index, follow, max-snippet:-1, max-image-preview:large, max-video-preview:-1\" \/>\n<link rel=\"canonical\" href=\"https:\/\/www.lewhite.ch\/de\/champery-und-die-portes-du-soleil-entdecken\/\" \/>\n<meta property=\"og:locale\" content=\"de_DE\" \/>\n<meta property=\"og:type\" content=\"article\" \/>\n<meta property=\"og:title\" content=\"Champ\u00e9ry und die Portes du Soleil entdecken - Hotel White Champery\" \/>\n<meta property=\"og:description\" content=\"Ganz gleich, ob Sie im Sommer oder im Winter im Le White**** zu Gast sind \u2013 das Dorf Champ\u00e9ry und die Ferienregion Portes du Soleil begeistern zu jeder\" \/>\n<meta property=\"og:url\" content=\"https:\/\/www.lewhite.ch\/de\/champery-und-die-portes-du-soleil-entdecken\/\" \/>\n<meta property=\"og:site_name\" content=\"Hotel White Champery\" \/>\n<meta property=\"article:modified_time\" content=\"2023-09-19T11:52:42+00:00\" \/>\n<meta name=\"twitter:card\" content=\"summary_large_image\" \/>\n<meta name=\"twitter:label1\" content=\"Gesch\u00e4tzte Lesezeit\" \/>\n\t<meta name=\"twitter:data1\" content=\"1 Minute\" \/>\n<script type=\"application\/ld+json\" class=\"yoast-schema-graph\">{\"@context\":\"https:\\\/\\\/schema.org\",\"@graph\":[{\"@type\":\"WebPage\",\"@id\":\"https:\\\/\\\/www.lewhite.ch\\\/de\\\/champery-und-die-portes-du-soleil-entdecken\\\/\",\"url\":\"https:\\\/\\\/www.lewhite.ch\\\/de\\\/champery-und-die-portes-du-soleil-entdecken\\\/\",\"name\":\"Champ\u00e9ry und die Portes du Soleil entdecken - Hotel White Champery\",\"isPartOf\":{\"@id\":\"https:\\\/\\\/www.lewhite.ch\\\/de\\\/#website\"},\"datePublished\":\"2023-05-10T15:07:50+00:00\",\"dateModified\":\"2023-09-19T11:52:42+00:00\",\"description\":\"Ganz gleich, ob Sie im Sommer oder im Winter im Le White**** zu Gast sind \u2013 das Dorf Champ\u00e9ry und die Ferienregion Portes du Soleil begeistern zu jeder\",\"breadcrumb\":{\"@id\":\"https:\\\/\\\/www.lewhite.ch\\\/de\\\/champery-und-die-portes-du-soleil-entdecken\\\/#breadcrumb\"},\"inLanguage\":\"de-DE\",\"potentialAction\":[{\"@type\":\"ReadAction\",\"target\":[\"https:\\\/\\\/www.lewhite.ch\\\/de\\\/champery-und-die-portes-du-soleil-entdecken\\\/\"]}]},{\"@type\":\"BreadcrumbList\",\"@id\":\"https:\\\/\\\/www.lewhite.ch\\\/de\\\/champery-und-die-portes-du-soleil-entdecken\\\/#breadcrumb\",\"itemListElement\":[{\"@type\":\"ListItem\",\"position\":1,\"name\":\"Home\",\"item\":\"https:\\\/\\\/www.lewhite.ch\\\/de\\\/\"},{\"@type\":\"ListItem\",\"position\":2,\"name\":\"Champ\u00e9ry und die Portes du Soleil entdecken\"}]},{\"@type\":\"WebSite\",\"@id\":\"https:\\\/\\\/www.lewhite.ch\\\/de\\\/#website\",\"url\":\"https:\\\/\\\/www.lewhite.ch\\\/de\\\/\",\"name\":\"Hotel White Champery\",\"description\":\"\",\"potentialAction\":[{\"@type\":\"SearchAction\",\"target\":{\"@type\":\"EntryPoint\",\"urlTemplate\":\"https:\\\/\\\/www.lewhite.ch\\\/de\\\/?s={search_term_string}\"},\"query-input\":{\"@type\":\"PropertyValueSpecification\",\"valueRequired\":true,\"valueName\":\"search_term_string\"}}],\"inLanguage\":\"de-DE\"}]}<\/script>\n<!-- \/ Yoast SEO plugin. -->","yoast_head_json":{"title":"Champ\u00e9ry und die Portes du Soleil entdecken - Hotel White Champery","description":"Ganz gleich, ob Sie im Sommer oder im Winter im Le White**** zu Gast sind \u2013 das Dorf Champ\u00e9ry und die Ferienregion Portes du Soleil begeistern zu jeder","robots":{"index":"index","follow":"follow","max-snippet":"max-snippet:-1","max-image-preview":"max-image-preview:large","max-video-preview":"max-video-preview:-1"},"canonical":"https:\/\/www.lewhite.ch\/de\/champery-und-die-portes-du-soleil-entdecken\/","og_locale":"de_DE","og_type":"article","og_title":"Champ\u00e9ry und die Portes du Soleil entdecken - Hotel White Champery","og_description":"Ganz gleich, ob Sie im Sommer oder im Winter im Le White**** zu Gast sind \u2013 das Dorf Champ\u00e9ry und die Ferienregion Portes du Soleil begeistern zu jeder","og_url":"https:\/\/www.lewhite.ch\/de\/champery-und-die-portes-du-soleil-entdecken\/","og_site_name":"Hotel White Champery","article_modified_time":"2023-09-19T11:52:42+00:00","twitter_card":"summary_large_image","twitter_misc":{"Gesch\u00e4tzte Lesezeit":"1 Minute"},"schema":{"@context":"https:\/\/schema.org","@graph":[{"@type":"WebPage","@id":"https:\/\/www.lewhite.ch\/de\/champery-und-die-portes-du-soleil-entdecken\/","url":"https:\/\/www.lewhite.ch\/de\/champery-und-die-portes-du-soleil-entdecken\/","name":"Champ\u00e9ry und die Portes du Soleil entdecken - Hotel White Champery","isPartOf":{"@id":"https:\/\/www.lewhite.ch\/de\/#website"},"datePublished":"2023-05-10T15:07:50+00:00","dateModified":"2023-09-19T11:52:42+00:00","description":"Ganz gleich, ob Sie im Sommer oder im Winter im Le White**** zu Gast sind \u2013 das Dorf Champ\u00e9ry und die Ferienregion Portes du Soleil begeistern zu jeder","breadcrumb":{"@id":"https:\/\/www.lewhite.ch\/de\/champery-und-die-portes-du-soleil-entdecken\/#breadcrumb"},"inLanguage":"de-DE","potentialAction":[{"@type":"ReadAction","target":["https:\/\/www.lewhite.ch\/de\/champery-und-die-portes-du-soleil-entdecken\/"]}]},{"@type":"BreadcrumbList","@id":"https:\/\/www.lewhite.ch\/de\/champery-und-die-portes-du-soleil-entdecken\/#breadcrumb","itemListElement":[{"@type":"ListItem","position":1,"name":"Home","item":"https:\/\/www.lewhite.ch\/de\/"},{"@type":"ListItem","position":2,"name":"Champ\u00e9ry und die Portes du Soleil entdecken"}]},{"@type":"WebSite","@id":"https:\/\/www.lewhite.ch\/de\/#website","url":"https:\/\/www.lewhite.ch\/de\/","name":"Hotel White Champery","description":"","potentialAction":[{"@type":"SearchAction","target":{"@type":"EntryPoint","urlTemplate":"https:\/\/www.lewhite.ch\/de\/?s={search_term_string}"},"query-input":{"@type":"PropertyValueSpecification","valueRequired":true,"valueName":"search_term_string"}}],"inLanguage":"de-DE"}]}},"acf":[],"_links":{"self":[{"href":"https:\/\/www.lewhite.ch\/de\/wp-json\/wp\/v2\/pages\/278","targetHints":{"allow":["GET"]}}],"collection":[{"href":"https:\/\/www.lewhite.ch\/de\/wp-json\/wp\/v2\/pages"}],"about":[{"href":"https:\/\/www.lewhite.ch\/de\/wp-json\/wp\/v2\/types\/page"}],"author":[{"embeddable":true,"href":"https:\/\/www.lewhite.ch\/de\/wp-json\/wp\/v2\/users\/16"}],"replies":[{"embeddable":true,"href":"https:\/\/www.lewhite.ch\/de\/wp-json\/wp\/v2\/comments?post=278"}],"version-history":[{"count":0,"href":"https:\/\/www.lewhite.ch\/de\/wp-json\/wp\/v2\/pages\/278\/revisions"}],"wp:attachment":[{"href":"https:\/\/www.lewhite.ch\/de\/wp-json\/wp\/v2\/media?parent=278"}],"curies":[{"name":"wp","href":"https:\/\/api.w.org\/{rel}","templated":true}]}}