{"id":293,"date":"2023-05-10T15:20:47","date_gmt":"2023-05-10T15:20:47","guid":{"rendered":"https:\/\/www.lewhite.ch\/les-questions-frequentes\/"},"modified":"2023-09-19T14:30:42","modified_gmt":"2023-09-19T14:30:42","slug":"haeufig-gestellte-fragen","status":"publish","type":"page","link":"https:\/\/www.lewhite.ch\/de\/haeufig-gestellte-fragen\/","title":{"rendered":"H\u00e4ufig gestellte Fragen"},"content":{"rendered":"<h2 style=\"text-align: left;\"><b>Vor dem Aufenthalt:<\/b><\/h2>\n<p style=\"text-align: left;\"><strong>Welche Unterk\u00fcnfte kann ich buchen?<\/strong><\/p>\n<p style=\"text-align: left;\"><span style=\"font-weight: 400;\">Das Hotel Le White bietet folgende Unterkunftsarten an:<\/span><br \/>\n<span style=\"font-weight: 400;\">\u2013 Standard Zimmer<\/span><br \/>\n<span style=\"font-weight: 400;\">\u2013 Superior Zimmer<\/span><br \/>\n<span style=\"font-weight: 400;\">\u2013 Executive Zimmer<\/span><br \/>\n<span style=\"font-weight: 400;\">\u2013 Suiten<\/span><\/p>\n<p style=\"text-align: left;\"><strong>Wo kann ich mich \u00fcber die Preise und die Zimmerverf\u00fcgbarkeit des Hotels informieren?<\/strong><\/p>\n<p style=\"text-align: left;\"><span style=\"font-weight: 400;\">Besuchen Sie unsere Website, w\u00e4hlen Sie Ihre Reisedaten aus und klicken Sie auf \u201eBuchen\u201c, um die verf\u00fcgbaren Zimmer und die entsprechenden Preise einzusehen.<\/span><br \/>\n<span style=\"font-weight: 400;\">Sie k\u00f6nnen uns auch telefonisch von Montag bis Sonntag zwischen 7:30 und 22 Uhr erreichen.<\/span><br \/>\n<span style=\"font-weight: 400;\">Wenn Sie \u00fcber unsere Website oder telefonisch buchen, garantieren wir Ihnen immer den besten aktuell verf\u00fcgbaren Preis (plattform\u00fcbergreifend).<\/span><\/p>\n<p style=\"text-align: left;\"><strong>Wie nehme ich eine Gruppenbuchung vor?<\/strong><\/p>\n<p style=\"text-align: left;\"><span style=\"font-weight: 400;\">Bitte kontaktieren Sie uns f\u00fcr Ihre Gruppenanfrage telefonisch oder per E-Mail unter folgender Adresse: <\/span><a href=\"mailto:commercial@lewhite.ch\">commercial@lewhite.ch<\/a> .<\/p>\n<p style=\"text-align: left;\"><strong>Ich habe nach meiner Buchung keine Best\u00e4tigungs-E-Mail erhalten. Was kann ich tun?<\/strong><\/p>\n<p style=\"text-align: left;\"><span style=\"font-weight: 400;\">Sollten Sie nach der \u00dcberpr\u00fcfung Ihres Spam-Ordners immer noch keine Best\u00e4tigungs-E-Mail f\u00fcr Ihre Buchung erhalten haben, bitten wir Sie, sich direkt mit dem Hotel in Verbindung zu setzen, um zu kl\u00e4ren, ob Ihre Buchung ber\u00fccksichtigt wurde. <\/span><\/p>\n<p style=\"text-align: left;\"><strong>Wird mir etwas berechnet, wenn ich bei der Buchung meine Bankdaten eingebe?<\/strong><\/p>\n<p style=\"text-align: left;\"><span style=\"font-weight: 400;\">Wenn Sie eine Reservierung vornehmen, werden Ihre Bankdaten als Buchungsgarantie verwendet. Ihr Konto kann in folgenden F\u00e4llen belastet werden:<\/span><br \/>\n&#8211; <span style=\"font-weight: 400;\">Im Fall eines Aktionspreises und\/oder bei Sonderbedingungen<\/span><br \/>\n&#8211; <span style=\"font-weight: 400;\">Bei Nichterscheinen im Hotel.<\/span><br \/>\n<span style=\"font-weight: 400;\">Um Ihre Sicherheit und den Datenschutz zu gew\u00e4hrleisten, verwendet unsere Website das Verschl\u00fcsselungsprotokoll SSL. Bei der \u00dcbertragung der Daten \u00fcber das Internet werden die in den verschiedenen Formularen eingegebenen Informationen automatisch verschl\u00fcsselt.<\/span><br \/>\n<span style=\"font-weight: 400;\">Mit dem Verschl\u00fcsselungssystem SSL (Secure Socket Layer) werden Daten automatisch verschl\u00fcsselt, bevor sie \u00fcber das Internet \u00fcbertragen werden. Sie werden erst auf unserem Server entschl\u00fcsselt.<\/span><\/p>\n<p style=\"text-align: left;\"><strong>Wo finde ich die Stornierungsbedingungen f\u00fcr meine Buchung?<\/strong><\/p>\n<p style=\"text-align: left;\"><span style=\"font-weight: 400;\">Die Stornierungsbedingungen k\u00f6nnen Sie w\u00e4hrend Ihres Online-Buchungsvorgangs einsehen. Je nach gebuchtem Tarif gelten ggf. besondere Stornierungsbedingungen.\u00a0 Sobald Sie Ihre Buchung abgeschlossen haben, finden Sie diese Bedingungen in Ihrer Buchungs-E-Mail.<\/span><\/p>\n<p style=\"text-align: left;\"><strong>Ich komme sehr fr\u00fch oder sehr sp\u00e4t an. Wie kann ich einchecken?<\/strong><\/p>\n<p style=\"text-align: left;\"><span style=\"font-weight: 400;\">Der Check-in findet zwischen 15 und 22 Uhr statt.<\/span><br \/>\n<span style=\"font-weight: 400;\">Ausserhalb dieser Zeiten bitten wir Sie, sich direkt mit uns in Verbindung zu setzen, um Ihre Ankunft bestm\u00f6glich zu organisieren.<\/span><\/p>\n<h2 style=\"text-align: left;\"><b>W\u00e4hrend Ihres Aufenthaltes:<\/b><\/h2>\n<p style=\"text-align: left;\"><strong>Wie komme ich zum Hotel?<\/strong><\/p>\n<p style=\"text-align: left;\"><span style=\"font-weight: 400;\">Das Hotel ist sowohl mit dem Auto als auch mit dem Bus oder mit dem Zug leicht erreichbar.<\/span><br \/>\n<span style=\"font-weight: 400;\">Der Bahnhof von Champ\u00e9ry ist 200 m entfernt und in wenigen Gehminuten erreichbar.<\/span><br \/>\n<span style=\"font-weight: 400;\">Vom Flughafen Genf aus k\u00f6nnen Sie das Hotel sowohl mit dem Taxi als auch mit dem \u00f6ffentlichen Bus oder dem Zug erreichen.<\/span><\/p>\n<p style=\"text-align: left;\"><strong>Wo kann man sein Fahrzeug parken?<\/strong><\/p>\n<p><span style=\"font-weight: 400;\">W\u00e4hrend Ihres Hotelaufenthaltes stehen Ihnen Parkpl\u00e4tze vor dem Haus zur Verf\u00fcgung. Das Parken dort ist kostenfrei. Reservierungen sind leider nicht m\u00f6glich, da die Anzahl der Pl\u00e4tze begrenzt ist. <\/span><br \/>\nIn der N\u00e4he gibt es weitere Parkm\u00f6glichkeiten.<\/p>\n<p style=\"text-align: left;\"><strong>Darf man im Hotel rauchen?<\/strong><\/p>\n<p style=\"text-align: left;\"><span style=\"font-weight: 400;\">Unser Hotel ist komplett rauchfrei (einschliesslich der \u00f6ffentlichen Bereiche ausser Terrassen, Balkone und des Rooftops).<\/span><br \/>\n<span style=\"font-weight: 400;\">F\u00fcr das Rauchen im Hotelzimmer oder aus dem Fenster wird eine Reinigungspauschale von CHF 100 erhoben.<\/span><\/p>\n<p style=\"text-align: left;\"><strong>Sind Haustiere im Hotel erlaubt?<\/strong><\/p>\n<p style=\"text-align: left;\"><span style=\"font-weight: 400;\">Haustiere sind in unserem Haus nicht gestattet.<\/span><\/p>\n<p style=\"text-align: left;\"><strong>Werden die Zimmer w\u00e4hrend meines Aufenthaltes gereinigt?<\/strong><\/p>\n<p style=\"text-align: left;\"><span style=\"font-weight: 400;\">Die Zimmer werden zwischen 10 und 16 Uhr gereinigt. Sollten Sie einen anderen Reinigungszeitpunkt w\u00fcnschen, teilen Sie uns dies bitte mit.<\/span><\/p>\n<p style=\"text-align: left;\"><strong>Sind die Zimmer mit einem Safe ausgestattet?<\/strong><\/p>\n<p style=\"text-align: left;\"><span style=\"font-weight: 400;\">Alle Zimmer verf\u00fcgen \u00fcber einen Safe mit Geheimcode. Wir bitten Sie, Ihre pers\u00f6nlichen Wertsachen beim Verlassen des Zimmers im Safe zu hinterlegen.<\/span><\/p>\n<p style=\"text-align: left;\"><strong>Verf\u00fcgt das Hotel \u00fcber ein Restaurant?<\/strong><\/p>\n<p style=\"text-align: left;\"><span style=\"font-weight: 400;\">Seit dem 9. August 2022 empf\u00e4ngt Sie unser Restaurant Le 42 in gem\u00fctlichem Ambiente und bietet Ihnen saisonale Bistro-K\u00fcche.<\/span><br \/>\n<span style=\"font-weight: 400;\">Eine Snack- &amp; Roomservice-Karte ist ebenfalls t\u00e4glich bis 21:30 Uhr verf\u00fcgbar. Bieten Sie auch glutenfreie, laktosefreie und vegane Alternativen an?<\/span><br \/>\n<span style=\"font-weight: 400;\">Wir m\u00f6chten Ihnen eine vielf\u00e4ltige Auswahl bieten, die f\u00fcr jeden geeignet ist. Z\u00f6gern Sie nicht, sich an unser Team zu wenden!<\/span><\/p>\n<p style=\"text-align: left;\"><strong>Ist das Fr\u00fchst\u00fcck im Zimmerpreis inbegriffen?<\/strong><\/p>\n<p style=\"text-align: left;\"><span style=\"font-weight: 400;\">Je nach gew\u00e4hltem Angebot ist das Fr\u00fchst\u00fcck im Preis inbegriffen oder ist gegen Aufpreis erh\u00e4ltlich. Wenn Sie sich f\u00fcr ein Fr\u00fchst\u00fcck in unserem Haus entscheiden, betr\u00e4gt der Preis CHF 25 pro Person. Das Fr\u00fchst\u00fcck kann entweder in Form eines Buffets (kaltes und warmes kontinentales Buffet mit vielen lokalen Spezialit\u00e4ten und English Breakfast) oder auf Wunsch mit Zimmerservice (nach Voranmeldung am Vortag, kaltes kontinentales Buffet) eingenommen werden.<\/span><br \/>\n<span style=\"font-weight: 400;\">Fr\u00fchst\u00fcck servieren wir zwischen 7.30 und 10.30 Uhr.<\/span><\/p>\n<p style=\"text-align: left;\"><strong>Ist es m\u00f6glich, ein Babybett im Hotelzimmer aufzustellen?<\/strong><\/p>\n<p style=\"text-align: left;\"><span style=\"font-weight: 400;\">Wir verf\u00fcgen \u00fcber Babybetten, Wickelauflagen, Badewannen und Windeleimer, die an der Rezeption und auf Anfrage erh\u00e4ltlich sind.<\/span><br \/>\n<span style=\"font-weight: 400;\">Um Ihnen bestm\u00f6glichen Komfort zu bieten, m\u00f6chten wir Sie herzlich bitten, uns Ihren Wunsch bei der Buchung mitzuteilen. Dann k\u00f6nnen wir Ihr Zimmer bereits vor Ihrer Ankunft entsprechend ausstatten.<\/span><br \/>\n<span style=\"font-weight: 400;\">F\u00fcr Kinder unter 3 Jahren wird kein Zimmerzuschlag erhoben.<\/span><\/p>\n<p style=\"text-align: left;\"><strong>Ist der Wellnessbereich frei zug\u00e4nglich?<\/strong><\/p>\n<p style=\"text-align: left;\"><span style=\"font-weight: 400;\">Aus gesundheitlichen Gr\u00fcnden und f\u00fcr Ihren Komfort reservieren wir den Wellnessbereich in Zeitfenstern von 25 Minuten (oder l\u00e4nger, je nach Verf\u00fcgbarkeit), die an der Rezeption gebucht werden k\u00f6nnen.<\/span><\/p>\n<p style=\"text-align: left;\"><strong>Welche anderen Dienstleistungen bietet das Hotel an?<\/strong><\/p>\n<p style=\"text-align: left;\"><span style=\"font-weight: 400;\">Kostenfreies und unbegrenztes WLAN (Zimmer und Gemeinschaftsbereiche) \/ TV in allen Zimmern \/ Massageraum (gegen Aufpreis) \/ Skiraum \u2013 gesicherter Fahrradraum \/ Gesellschaftsspiele zur freien Verf\u00fcgung \/ Bar \/ Terrasse \/ Rooftop \u2013 Sonnenterrasse mit Blick auf die Dents du Midi.<\/span><br \/>\n<span style=\"font-weight: 400;\">Feiern von besonderen Anl\u00e4ssen: Wir stehen zu Ihrer Verf\u00fcgung, um f\u00fcr Sie eine besondere Atmosph\u00e4re zu schaffen (romantisch, Geburtstag\u00a0\u2026) und Ihren Aufenthalt einzigartig zu gestalten.<\/span><\/p>\n<p style=\"text-align: left;\"><strong>Ich habe eine Beschwerde, die ich w\u00e4hrend meines Aufenthaltes vorbringen m\u00f6chte. An wen kann ich mich wenden?<\/strong><\/p>\n<p style=\"text-align: left;\"><span style=\"font-weight: 400;\">Wir bedauern, dass Ihr Aufenthalt nicht Ihren Erwartungen entsprochen hat. Sollten Sie eine Beschwerde haben, wenden Sie sich bitte an unser Team vor Ort, um eine schnelle L\u00f6sung zu finden, damit Sie Ihren Aufenthalt bei uns in vollen Z\u00fcgen geniessen k\u00f6nnen.<\/span><\/p>\n<h2 style=\"text-align: left;\"><b>Unsere Umgebung:<\/b><\/h2>\n<p style=\"text-align: left;\"><strong>Wie erreicht man das Skigebiet Portes du Soleil?<\/strong><\/p>\n<p style=\"text-align: left;\"><span style=\"font-weight: 400;\">In der Saison verkehren regelm\u00e4ssig Busse, Pendelbusse und ein kleiner Zug, der 70 Meter vom Hotel entfernt ist und Sie direkt zur Seilbahn bringt, die Sie in wenigen Minuten an den Fuss der Pisten bringt.<\/span><br \/>\n<span style=\"font-weight: 400;\">Ausserdem befindet sich ein Parkplatz gegen\u00fcber der Seilbahn, der in zwei Minuten mit dem Auto erreichbar ist.<br \/>\nZu Fuss erreicht man die Seilbahn in einer Viertelstunde.<\/span><\/p>\n<p style=\"text-align: left;\"><strong>Wie nahe liegt das Hotel Le White am Zentrum (Champ\u00e9ry)?<\/strong><\/p>\n<p style=\"text-align: left;\"><span style=\"font-weight: 400;\">Unser Hotel befindet sich am Ortseingang von Champ\u00e9ry, ca. 500 Meter vom Dorfzentrum entfernt.<\/span><\/p>\n","protected":false},"excerpt":{"rendered":"<p>Vor dem Aufenthalt: Welche Unterk\u00fcnfte kann ich buchen? Das Hotel Le White bietet folgende Unterkunftsarten an: \u2013 Standard Zimmer \u2013 Superior Zimmer \u2013 Executive Zimmer \u2013 Suiten Wo kann ich mich \u00fcber die Preise und die Zimmerverf\u00fcgbarkeit des Hotels informieren? Besuchen Sie unsere Website, w\u00e4hlen Sie Ihre Reisedaten aus und klicken Sie auf \u201eBuchen\u201c, um [&hellip;]<\/p>\n","protected":false},"author":16,"featured_media":0,"parent":0,"menu_order":110,"comment_status":"closed","ping_status":"closed","template":"template-faq.php","meta":{"footnotes":""},"class_list":["post-293","page","type-page","status-publish","hentry"],"yoast_head":"<!-- This site is optimized with the Yoast SEO plugin v27.3 - https:\/\/yoast.com\/product\/yoast-seo-wordpress\/ -->\n<title>H\u00e4ufig gestellte Fragen - Hotel White Champery<\/title>\n<meta name=\"description\" content=\"Vor dem Aufenthalt: Welche Unterk\u00fcnfte kann ich buchen? Das Hotel Le White bietet folgende Unterkunftsarten an: \u2013 Standard Zimmer \u2013 Superior Zimmer \u2013\" \/>\n<meta name=\"robots\" content=\"index, follow, max-snippet:-1, max-image-preview:large, max-video-preview:-1\" \/>\n<link rel=\"canonical\" href=\"https:\/\/www.lewhite.ch\/de\/haeufig-gestellte-fragen\/\" \/>\n<meta property=\"og:locale\" content=\"de_DE\" \/>\n<meta property=\"og:type\" content=\"article\" \/>\n<meta property=\"og:title\" content=\"H\u00e4ufig gestellte Fragen - Hotel White Champery\" \/>\n<meta property=\"og:description\" content=\"Vor dem Aufenthalt: Welche Unterk\u00fcnfte kann ich buchen? Das Hotel Le White bietet folgende Unterkunftsarten an: \u2013 Standard Zimmer \u2013 Superior Zimmer \u2013\" \/>\n<meta property=\"og:url\" content=\"https:\/\/www.lewhite.ch\/de\/haeufig-gestellte-fragen\/\" \/>\n<meta property=\"og:site_name\" content=\"Hotel White Champery\" \/>\n<meta property=\"article:modified_time\" content=\"2023-09-19T14:30:42+00:00\" \/>\n<meta name=\"twitter:card\" content=\"summary_large_image\" \/>\n<meta name=\"twitter:label1\" content=\"Gesch\u00e4tzte Lesezeit\" \/>\n\t<meta name=\"twitter:data1\" content=\"6 Minuten\" \/>\n<script type=\"application\/ld+json\" class=\"yoast-schema-graph\">{\"@context\":\"https:\\\/\\\/schema.org\",\"@graph\":[{\"@type\":\"WebPage\",\"@id\":\"https:\\\/\\\/www.lewhite.ch\\\/de\\\/haeufig-gestellte-fragen\\\/\",\"url\":\"https:\\\/\\\/www.lewhite.ch\\\/de\\\/haeufig-gestellte-fragen\\\/\",\"name\":\"H\u00e4ufig gestellte Fragen - Hotel White Champery\",\"isPartOf\":{\"@id\":\"https:\\\/\\\/www.lewhite.ch\\\/de\\\/#website\"},\"datePublished\":\"2023-05-10T15:20:47+00:00\",\"dateModified\":\"2023-09-19T14:30:42+00:00\",\"description\":\"Vor dem Aufenthalt: Welche Unterk\u00fcnfte kann ich buchen? Das Hotel Le White bietet folgende Unterkunftsarten an: \u2013 Standard Zimmer \u2013 Superior Zimmer \u2013\",\"breadcrumb\":{\"@id\":\"https:\\\/\\\/www.lewhite.ch\\\/de\\\/haeufig-gestellte-fragen\\\/#breadcrumb\"},\"inLanguage\":\"de-DE\",\"potentialAction\":[{\"@type\":\"ReadAction\",\"target\":[\"https:\\\/\\\/www.lewhite.ch\\\/de\\\/haeufig-gestellte-fragen\\\/\"]}]},{\"@type\":\"BreadcrumbList\",\"@id\":\"https:\\\/\\\/www.lewhite.ch\\\/de\\\/haeufig-gestellte-fragen\\\/#breadcrumb\",\"itemListElement\":[{\"@type\":\"ListItem\",\"position\":1,\"name\":\"Home\",\"item\":\"https:\\\/\\\/www.lewhite.ch\\\/de\\\/\"},{\"@type\":\"ListItem\",\"position\":2,\"name\":\"H\u00e4ufig gestellte Fragen\"}]},{\"@type\":\"WebSite\",\"@id\":\"https:\\\/\\\/www.lewhite.ch\\\/de\\\/#website\",\"url\":\"https:\\\/\\\/www.lewhite.ch\\\/de\\\/\",\"name\":\"Hotel White Champery\",\"description\":\"\",\"potentialAction\":[{\"@type\":\"SearchAction\",\"target\":{\"@type\":\"EntryPoint\",\"urlTemplate\":\"https:\\\/\\\/www.lewhite.ch\\\/de\\\/?s={search_term_string}\"},\"query-input\":{\"@type\":\"PropertyValueSpecification\",\"valueRequired\":true,\"valueName\":\"search_term_string\"}}],\"inLanguage\":\"de-DE\"}]}<\/script>\n<!-- \/ Yoast SEO plugin. -->","yoast_head_json":{"title":"H\u00e4ufig gestellte Fragen - Hotel White Champery","description":"Vor dem Aufenthalt: Welche Unterk\u00fcnfte kann ich buchen? Das Hotel Le White bietet folgende Unterkunftsarten an: \u2013 Standard Zimmer \u2013 Superior Zimmer \u2013","robots":{"index":"index","follow":"follow","max-snippet":"max-snippet:-1","max-image-preview":"max-image-preview:large","max-video-preview":"max-video-preview:-1"},"canonical":"https:\/\/www.lewhite.ch\/de\/haeufig-gestellte-fragen\/","og_locale":"de_DE","og_type":"article","og_title":"H\u00e4ufig gestellte Fragen - Hotel White Champery","og_description":"Vor dem Aufenthalt: Welche Unterk\u00fcnfte kann ich buchen? Das Hotel Le White bietet folgende Unterkunftsarten an: \u2013 Standard Zimmer \u2013 Superior Zimmer \u2013","og_url":"https:\/\/www.lewhite.ch\/de\/haeufig-gestellte-fragen\/","og_site_name":"Hotel White Champery","article_modified_time":"2023-09-19T14:30:42+00:00","twitter_card":"summary_large_image","twitter_misc":{"Gesch\u00e4tzte Lesezeit":"6 Minuten"},"schema":{"@context":"https:\/\/schema.org","@graph":[{"@type":"WebPage","@id":"https:\/\/www.lewhite.ch\/de\/haeufig-gestellte-fragen\/","url":"https:\/\/www.lewhite.ch\/de\/haeufig-gestellte-fragen\/","name":"H\u00e4ufig gestellte Fragen - Hotel White Champery","isPartOf":{"@id":"https:\/\/www.lewhite.ch\/de\/#website"},"datePublished":"2023-05-10T15:20:47+00:00","dateModified":"2023-09-19T14:30:42+00:00","description":"Vor dem Aufenthalt: Welche Unterk\u00fcnfte kann ich buchen? Das Hotel Le White bietet folgende Unterkunftsarten an: \u2013 Standard Zimmer \u2013 Superior Zimmer \u2013","breadcrumb":{"@id":"https:\/\/www.lewhite.ch\/de\/haeufig-gestellte-fragen\/#breadcrumb"},"inLanguage":"de-DE","potentialAction":[{"@type":"ReadAction","target":["https:\/\/www.lewhite.ch\/de\/haeufig-gestellte-fragen\/"]}]},{"@type":"BreadcrumbList","@id":"https:\/\/www.lewhite.ch\/de\/haeufig-gestellte-fragen\/#breadcrumb","itemListElement":[{"@type":"ListItem","position":1,"name":"Home","item":"https:\/\/www.lewhite.ch\/de\/"},{"@type":"ListItem","position":2,"name":"H\u00e4ufig gestellte Fragen"}]},{"@type":"WebSite","@id":"https:\/\/www.lewhite.ch\/de\/#website","url":"https:\/\/www.lewhite.ch\/de\/","name":"Hotel White Champery","description":"","potentialAction":[{"@type":"SearchAction","target":{"@type":"EntryPoint","urlTemplate":"https:\/\/www.lewhite.ch\/de\/?s={search_term_string}"},"query-input":{"@type":"PropertyValueSpecification","valueRequired":true,"valueName":"search_term_string"}}],"inLanguage":"de-DE"}]}},"acf":[],"_links":{"self":[{"href":"https:\/\/www.lewhite.ch\/de\/wp-json\/wp\/v2\/pages\/293","targetHints":{"allow":["GET"]}}],"collection":[{"href":"https:\/\/www.lewhite.ch\/de\/wp-json\/wp\/v2\/pages"}],"about":[{"href":"https:\/\/www.lewhite.ch\/de\/wp-json\/wp\/v2\/types\/page"}],"author":[{"embeddable":true,"href":"https:\/\/www.lewhite.ch\/de\/wp-json\/wp\/v2\/users\/16"}],"replies":[{"embeddable":true,"href":"https:\/\/www.lewhite.ch\/de\/wp-json\/wp\/v2\/comments?post=293"}],"version-history":[{"count":0,"href":"https:\/\/www.lewhite.ch\/de\/wp-json\/wp\/v2\/pages\/293\/revisions"}],"wp:attachment":[{"href":"https:\/\/www.lewhite.ch\/de\/wp-json\/wp\/v2\/media?parent=293"}],"curies":[{"name":"wp","href":"https:\/\/api.w.org\/{rel}","templated":true}]}}